{"id":658,"date":"2019-05-22T20:40:35","date_gmt":"2019-05-22T18:40:35","guid":{"rendered":"http:\/\/mongolische-jurte-buchbar.de\/?page_id=658"},"modified":"2019-05-22T20:53:48","modified_gmt":"2019-05-22T18:53:48","slug":"impressum","status":"publish","type":"page","link":"https:\/\/mongolische-jurte-buchbar.de\/?page_id=658","title":{"rendered":"Impressum"},"content":{"rendered":"<p><strong>Heidrun Weber, Liguster Weg 14, 26603 Aurich<br \/>\n<\/strong><span style=\"font-size: 10pt;\">Trotz sorgf\u00e4ltiger inhaltlicher Kontrolle \u00fcbernehmen wir keine Haftung f\u00fcr die Inhalte externer Links. F\u00fcr den Inhalt der verlinkten Seiten sind ausschlie\u00dflich deren Betreiber verantwortlich. Alle hier verwendeten Namen, Begriffe, Zeichen und Grafiken k\u00f6nnen Marken- oder Warenzeichen im Besitze ihrer rechtlichen Eigent\u00fcmer sein. Die Rechte aller erw\u00e4hnten und benutzten Marken- und Warenzeichen liegen ausschlie\u00dflich bei deren Besitzern.&nbsp;<\/span><\/p>\n<p style=\"text-align: justify;\"><span style=\"font-size: 10pt;\"><strong>1. Informationen zum Urheberrecht<\/strong><\/span><br \/>\n<span style=\"font-size: 10pt;\">Alle Informationen dieser Web-Seite werden wie angegeben ohne Anspruch auf Richtigkeit, Vollst\u00e4ndigkeit oder Aktualit\u00e4t zur Verf\u00fcgung gestellt.<\/span><br \/>\n<span style=\"font-size: 10pt;\">Wenn nicht ausdr\u00fccklich anderweitig in dieser Publikation zu verstehen gegeben, und zwar in Zusammenhang mit einem bestimmten Ausschnitt, einer Datei, oder einem Dokument, ist jedermann dazu berechtigt, dieses Dokument anzusehen, zu kopieren, zu drucken und zu verteilen, unter den folgenden Bedingungen:<\/span><br \/>\n<span style=\"font-size: 10pt;\">Das Dokument darf nur f\u00fcr nichtkommerzielle Informationszwecke genutzt werden. Jede Kopie dieses Dokuments oder eines Teils davon muss diese urheberrechtliche Erkl\u00e4rung und das urheberrechtliche Schutzzeichen des Betreibers enthalten. Das Dokument, jede Kopie des Dokuments oder eines Teils davon d\u00fcrfen nicht ohne schriftliche Zustimmung des Betreibers ver\u00e4ndert werden. Der Betreiber beh\u00e4lt sich das Recht vor, diese Genehmigung jederzeit zu widerrufen, und jede Nutzung muss sofort eingestellt werden, sobald eine schriftliche Bekanntmachung seitens des Betreibers ver\u00f6ffentlicht wird.<\/span><\/p>\n<p style=\"text-align: justify;\"><span style=\"font-size: 10pt;\"><strong>2. Vertragliche Zusicherungen und Verzichterkl\u00e4rungen<\/strong><\/span><br \/>\n<span style=\"font-size: 10pt;\">Die Website&nbsp; steht Ihnen \u2013 soweit nicht anders vereinbart \u2013 kostenlos zur Verf\u00fcgung. Die Betreiber \u00fcbernehmen keinerlei Gew\u00e4hr f\u00fcr Richtigkeit der enthaltenen Informationen, abgespeicherten Daten oder Nutzbarkeit f\u00fcr irgendeinen bestimmten Zweck.<\/span><\/p>\n","protected":false},"excerpt":{"rendered":"<p>Heidrun Weber, Liguster Weg 14, 26603 Aurich Trotz sorgf\u00e4ltiger inhaltlicher Kontrolle \u00fcbernehmen wir keine Haftung f\u00fcr die Inhalte externer Links. F\u00fcr den Inhalt der verlinkten Seiten sind ausschlie\u00dflich deren Betreiber verantwortlich. Alle hier verwendeten Namen, Begriffe, Zeichen und Grafiken k\u00f6nnen<\/p>\n","protected":false},"author":1,"featured_media":0,"parent":0,"menu_order":0,"comment_status":"closed","ping_status":"closed","template":"","meta":{"ngg_post_thumbnail":0},"_links":{"self":[{"href":"https:\/\/mongolische-jurte-buchbar.de\/index.php?rest_route=\/wp\/v2\/pages\/658"}],"collection":[{"href":"https:\/\/mongolische-jurte-buchbar.de\/index.php?rest_route=\/wp\/v2\/pages"}],"about":[{"href":"https:\/\/mongolische-jurte-buchbar.de\/index.php?rest_route=\/wp\/v2\/types\/page"}],"author":[{"embeddable":true,"href":"https:\/\/mongolische-jurte-buchbar.de\/index.php?rest_route=\/wp\/v2\/users\/1"}],"replies":[{"embeddable":true,"href":"https:\/\/mongolische-jurte-buchbar.de\/index.php?rest_route=%2Fwp%2Fv2%2Fcomments&post=658"}],"version-history":[{"count":6,"href":"https:\/\/mongolische-jurte-buchbar.de\/index.php?rest_route=\/wp\/v2\/pages\/658\/revisions"}],"predecessor-version":[{"id":668,"href":"https:\/\/mongolische-jurte-buchbar.de\/index.php?rest_route=\/wp\/v2\/pages\/658\/revisions\/668"}],"wp:attachment":[{"href":"https:\/\/mongolische-jurte-buchbar.de\/index.php?rest_route=%2Fwp%2Fv2%2Fmedia&parent=658"}],"curies":[{"name":"wp","href":"https:\/\/api.w.org\/{rel}","templated":true}]}}