{"id":21,"date":"2014-02-08T19:06:47","date_gmt":"2014-02-08T17:06:47","guid":{"rendered":"http:\/\/mongolische-jurte-buchbar.de\/?page_id=21"},"modified":"2017-06-13T21:20:37","modified_gmt":"2017-06-13T19:20:37","slug":"kinder","status":"publish","type":"page","link":"https:\/\/mongolische-jurte-buchbar.de\/?page_id=21","title":{"rendered":"Kinder"},"content":{"rendered":"<p style=\"text-align: justify;\"><span style=\"color: #ac3316;\">Kindergartenkinder<\/span> und Schulklassen <span style=\"color: #204691;\">k\u00f6nnen die Jurte<\/span> f\u00fcr besondere Momente nutzen. <span style=\"color: #ac3316;\">Zum<\/span> <span style=\"color: #204691;\">Beispiel<\/span> k\u00f6nnen die Kinder in <span style=\"color: #ac3316;\">Verbindung mit<\/span> einer feierlichen Teezeremonie eine <span style=\"color: #204691;\">ganze<\/span> <span style=\"color: #ac3316;\">Menge<\/span> \u00fcber Br\u00e4uche und Sitten der <span style=\"color: #204691;\">Mongolen lernen,<\/span> mongolische Geschichten <span style=\"color: #ac3316;\">vorgelesen<\/span> <span style=\"color: #204691;\">bekommen<\/span> und anschlie\u00dfend auf <span style=\"color: #ac3316;\">Entdeckungstou<\/span>r im 2000qm gro\u00dfen Naturgarten gehen. <span style=\"color: #204691;\">Dort<\/span> <span style=\"color: #ac3316;\">gibt es<\/span> wunderbare B\u00e4ume zum <span style=\"color: #204691;\">Klettern,<\/span> Kr\u00e4uter zum probieren, <span style=\"color: #204691;\">einen<\/span> Fu\u00dfballplatz <span style=\"color: #ac3316;\">zum Bolzen<\/span> <span style=\"color: #204691;\">und einen<\/span> Teich zum <span style=\"color: #ac3316;\">Forschen.<br \/>\n<span style=\"color: #ac3316;\"><span style=\"color: #ac3316;\"><br \/>\nEin Lagerfeuerplatz ist <span style=\"color: #204691;\">vorhanden f\u00fcr<\/span> Stockbrot oder <span style=\"color: #ac3316;\">Feuerkartoffeln.<br \/>\n<\/span><\/span><\/span><\/span><span style=\"color: #204691;\">Und<\/span> auch Kindergeburtstage l<span style=\"color: #ac3316;\">assen<\/span> sich klasse <span style=\"color: #204691;\">dort feiern.<\/span><\/p>\n<p><img decoding=\"async\" loading=\"lazy\" class=\"alignleft wp-image-485 size-full\" src=\"https:\/\/mongolische-jurte-buchbar.de\/wp-content\/uploads\/2014\/02\/Kindergeburtstag.jpg\" alt=\"Kindergeburtstag\" width=\"700\" height=\"1652\" srcset=\"https:\/\/mongolische-jurte-buchbar.de\/wp-content\/uploads\/2014\/02\/Kindergeburtstag.jpg 700w, https:\/\/mongolische-jurte-buchbar.de\/wp-content\/uploads\/2014\/02\/Kindergeburtstag-127x300.jpg 127w\" sizes=\"(max-width: 700px) 100vw, 700px\" \/><\/p>\n<p style=\"text-align: justify;\"><span style=\"color: #ac3316;\">Gerade f\u00fcr<\/span> Kinder bietet die Jurte <span style=\"color: #204691;\">in diesem<\/span> wunderbaren Garten eine <span style=\"color: #ac3316;\">sinnvolle,<\/span> <span style=\"color: #204691;\">sinnessch\u00e4rfende<\/span> und nat\u00fcrliche <span style=\"color: #ac3316;\">Alternative<\/span> zu all den k\u00fcnstlichen Welten, wie <span style=\"color: #204691;\">Schulhof, <\/span>Spielh\u00e4user, <span style=\"color: #ac3316;\">Kinogeburtstage etc.&nbsp;<\/span><\/p>\n<p style=\"text-align: justify;\"><span style=\"color: #ac3316;\">Ode<\/span>r einmal in der Jurte schlafen <span style=\"color: #204691;\">mit der Gruppe,<\/span> der Klasse und&nbsp;<span style=\"color: #ac3316;\">eingemummelt&nbsp;<\/span>&nbsp;<span style=\"color: #204691;\">Gruselgeschichten&nbsp;<\/span>h\u00f6ren und am <span style=\"color: #ac3316;\">n\u00e4chsten Morgen<\/span> mit Br\u00f6tchen und Kakao geweckt<span style=\"color: #204691;\"> werden.<\/span><\/p>\n<p style=\"text-align: justify;\"><img decoding=\"async\" loading=\"lazy\" class=\"alignleft size-full wp-image-486\" src=\"https:\/\/mongolische-jurte-buchbar.de\/wp-content\/uploads\/2014\/02\/Literacy.jpg\" alt=\"Literacy\" width=\"709\" height=\"896\" srcset=\"https:\/\/mongolische-jurte-buchbar.de\/wp-content\/uploads\/2014\/02\/Literacy.jpg 709w, https:\/\/mongolische-jurte-buchbar.de\/wp-content\/uploads\/2014\/02\/Literacy-237x300.jpg 237w\" sizes=\"(max-width: 709px) 100vw, 709px\" \/><\/p>\n<p>&nbsp;<\/p>\n","protected":false},"excerpt":{"rendered":"<p>Kindergartenkinder und Schulklassen k\u00f6nnen die Jurte f\u00fcr besondere Momente nutzen. Zum Beispiel k\u00f6nnen die Kinder in Verbindung mit einer feierlichen Teezeremonie eine ganze Menge \u00fcber Br\u00e4uche und Sitten der Mongolen lernen, mongolische Geschichten vorgelesen bekommen und anschlie\u00dfend auf Entdeckungstour im<\/p>\n","protected":false},"author":1,"featured_media":0,"parent":0,"menu_order":0,"comment_status":"closed","ping_status":"open","template":"","meta":{"ngg_post_thumbnail":0},"_links":{"self":[{"href":"https:\/\/mongolische-jurte-buchbar.de\/index.php?rest_route=\/wp\/v2\/pages\/21"}],"collection":[{"href":"https:\/\/mongolische-jurte-buchbar.de\/index.php?rest_route=\/wp\/v2\/pages"}],"about":[{"href":"https:\/\/mongolische-jurte-buchbar.de\/index.php?rest_route=\/wp\/v2\/types\/page"}],"author":[{"embeddable":true,"href":"https:\/\/mongolische-jurte-buchbar.de\/index.php?rest_route=\/wp\/v2\/users\/1"}],"replies":[{"embeddable":true,"href":"https:\/\/mongolische-jurte-buchbar.de\/index.php?rest_route=%2Fwp%2Fv2%2Fcomments&post=21"}],"version-history":[{"count":16,"href":"https:\/\/mongolische-jurte-buchbar.de\/index.php?rest_route=\/wp\/v2\/pages\/21\/revisions"}],"predecessor-version":[{"id":641,"href":"https:\/\/mongolische-jurte-buchbar.de\/index.php?rest_route=\/wp\/v2\/pages\/21\/revisions\/641"}],"wp:attachment":[{"href":"https:\/\/mongolische-jurte-buchbar.de\/index.php?rest_route=%2Fwp%2Fv2%2Fmedia&parent=21"}],"curies":[{"name":"wp","href":"https:\/\/api.w.org\/{rel}","templated":true}]}}