{"id":15,"date":"2014-02-08T18:52:25","date_gmt":"2014-02-08T16:52:25","guid":{"rendered":"http:\/\/mongolische-jurte-buchbar.de\/?page_id=15"},"modified":"2023-01-31T16:55:49","modified_gmt":"2023-01-31T14:55:49","slug":"buchbar","status":"publish","type":"page","link":"https:\/\/mongolische-jurte-buchbar.de\/","title":{"rendered":"Die Buchbar"},"content":{"rendered":"\n\n<div class=\"wp-block-image\">\n<figure class=\"aligncenter size-large is-resized\"><a href=\"https:\/\/mongolische-jurte-buchbar.de\/wp-content\/uploads\/2023\/01\/Umbau.png\"><img decoding=\"async\" loading=\"lazy\" src=\"https:\/\/mongolische-jurte-buchbar.de\/wp-content\/uploads\/2023\/01\/Umbau-1024x897.png\" alt=\"\" class=\"wp-image-683\" width=\"256\" height=\"224\" srcset=\"https:\/\/mongolische-jurte-buchbar.de\/wp-content\/uploads\/2023\/01\/Umbau-1024x897.png 1024w, https:\/\/mongolische-jurte-buchbar.de\/wp-content\/uploads\/2023\/01\/Umbau-300x263.png 300w, https:\/\/mongolische-jurte-buchbar.de\/wp-content\/uploads\/2023\/01\/Umbau-768x672.png 768w, https:\/\/mongolische-jurte-buchbar.de\/wp-content\/uploads\/2023\/01\/Umbau-1536x1345.png 1536w, https:\/\/mongolische-jurte-buchbar.de\/wp-content\/uploads\/2023\/01\/Umbau-2048x1793.png 2048w\" sizes=\"(max-width: 256px) 100vw, 256px\" \/><\/a><\/figure><\/div>\n\n\n<h1 style=\"text-align: center;\"><span style=\"color: #ff0000; background-color: #ffff00;\"><strong>Diese die Seite ist derzeit eine Baustelle und<br>ist daher nur in reduzierter Form zu sehen. Bitte haben Sie etwas Geduld!<\/strong><\/span><\/h1>\n\n\n<p style=\"text-align: center;\"><span style=\"color: #204691;\">Die&nbsp;Buchbar<\/span>&nbsp;ist&nbsp;<span style=\"color: #ac3316;\">eine<\/span>&nbsp;mongolische&nbsp;Jurte&nbsp;und&nbsp;<span style=\"color: #204691;\">buchbar!<\/span><\/p>\n<p style=\"text-align: justify;\"><span style=\"color: #ac3316;\">Die Buchbar<\/span> ist eine original,<span style=\"color: #204691;\"> mongolische<\/span> Jurte, die ihren Weg tats\u00e4chlich mit <span style=\"color: #ac3316;\">einem gro\u00dfen<\/span> <span style=\"color: #204691;\">Tankerschiff<\/span> letztendlich \u00fcber die <span style=\"color: #ac3316;\">Meere,<\/span> \u00fcber die Elbe nach<span style=\"color: #ac3316;\"> Hamburg<\/span> in den<span style=\"color: #204691;\"> Ligusterweg 14 in<\/span> <span style=\"color: #ac3316;\">Aurich<\/span> gefunden hat. Sie ist ein reines <span style=\"color: #204691;\">Naturprodukt.<\/span> Ihre Innenw\u00e4nde bestehen aus<span style=\"color: #ac3316;\"> Schafsfilz.<\/span> <span style=\"color: #204691;\">Sie wird<\/span> durch <span style=\"color: #ac3316;\">Holzscherengitter<\/span> und 81handbemalten <span style=\"color: #ac3316;\">Dachverstrebungen<\/span> gehalten.<span style=\"color: #204691;\"> Nichts ist<\/span> <span style=\"color: #ac3316;\">verschraubt<\/span>, alle Elemente sind mit <span style=\"color: #204691;\">Kamelhaar,<\/span> Yakhaar oder Kamelleder <span style=\"color: #ac3316;\">verknotet.<br><img decoding=\"async\" loading=\"lazy\" class=\"alignleft size-full wp-image-155\" src=\"https:\/\/mongolische-jurte-buchbar.de\/wp-content\/uploads\/2014\/02\/1470150_788749724483851_1744227481_n.jpg\" alt=\"1470150_788749724483851_1744227481_n\" width=\"700\" height=\"525\" srcset=\"https:\/\/mongolische-jurte-buchbar.de\/wp-content\/uploads\/2014\/02\/1470150_788749724483851_1744227481_n.jpg 700w, https:\/\/mongolische-jurte-buchbar.de\/wp-content\/uploads\/2014\/02\/1470150_788749724483851_1744227481_n-300x225.jpg 300w\" sizes=\"(max-width: 700px) 100vw, 700px\" \/><span style=\"color: #204691;\">Auch die<\/span> <span style=\"color: #000000;\">M\u00f6bel sind alle <\/span><span style=\"color: #ac3316;\">original<\/span> und Hand bemalt.<span style=\"color: #000000;\"> Nur der d\u00e4nische Ofen nicht,<\/span> <span style=\"color: #204691;\">denn die<\/span> <span style=\"color: #ac3316;\">mongolischen<\/span><span style=\"color: #000000;\"> \u00d6fen sind aus Blech<\/span> und<span style=\"color: #204691;\"> das m\u00f6gen<\/span> <span style=\"color: #000000;\">die hiesigen<\/span> Schornsteinfeger <span style=\"color: #ac3316;\">aus<\/span> <span style=\"color: #204691;\">Sicherheits-<\/span> <span style=\"color: #000000;\">und Umweltgr\u00fcnden nicht.<\/span> Der d\u00e4nische Ofen <span style=\"color: #000000;\">verschafft der Jurte ganzj\u00e4hrig<\/span> <span style=\"color: #204691;\">eine<\/span> <span style=\"color: #204691;\">wohlig<\/span>, warme <span style=\"color: #ac3316;\">Atmosph\u00e4re.<br><img decoding=\"async\" loading=\"lazy\" class=\"alignleft size-full wp-image-133\" src=\"https:\/\/mongolische-jurte-buchbar.de\/wp-content\/uploads\/2014\/02\/IMG_9707.jpg\" alt=\"IMG_9707\" width=\"700\" height=\"485\" srcset=\"https:\/\/mongolische-jurte-buchbar.de\/wp-content\/uploads\/2014\/02\/IMG_9707.jpg 700w, https:\/\/mongolische-jurte-buchbar.de\/wp-content\/uploads\/2014\/02\/IMG_9707-300x207.jpg 300w\" sizes=\"(max-width: 700px) 100vw, 700px\" \/><br><\/span><\/span><\/p>\n<p style=\"text-align: center;\"><span style=\"color: #ac3316;\"><img decoding=\"async\" loading=\"lazy\" class=\"alignleft size-full wp-image-144\" src=\"https:\/\/mongolische-jurte-buchbar.de\/wp-content\/uploads\/2014\/02\/IMG_9429.jpg\" alt=\"IMG_9429\" width=\"300\" height=\"400\" srcset=\"https:\/\/mongolische-jurte-buchbar.de\/wp-content\/uploads\/2014\/02\/IMG_9429.jpg 300w, https:\/\/mongolische-jurte-buchbar.de\/wp-content\/uploads\/2014\/02\/IMG_9429-225x300.jpg 225w\" sizes=\"(max-width: 300px) 100vw, 300px\" \/><span style=\"color: #ac3316;\">Heidrun Weber<span style=\"color: #000000;\"> 04941\/3458<\/span><br><\/span><\/span><span style=\"color: #ac3316;\"><span style=\"color: #000000;\">Ligusterweg 14, <span style=\"color: #204691;\">26603 Aurich<\/span><\/span><br><\/span><a href=\"mailto:heidrun@lesetoll.de\">heidrun@lesetoll.de<\/a><\/p>\n<p style=\"text-align: center;\"><span style=\"color: #ac3316;\">Durchmesser: 6 Meter<br><\/span><span style=\"color: #204691;\">H\u00f6he: 2,5 Meter<br><\/span><span style=\"color: #ac3316;\">Sitzpl\u00e4tze: 35 Erwachsene<\/span><br><span style=\"color: #204691;\">Schlafpl\u00e4tze: 2 Betten<\/span><br><span style=\"color: #ac3316;\">Liegepl\u00e4tze f\u00fcr Schlafs\u00e4cke und Isomatten<\/span><br><span style=\"color: #ac3316;\"><span style=\"color: #204691;\">ca. 10 Erwachsene und 15 Kinder<\/span><br><\/span><span style=\"color: #ac3316;\">beheizbar mit einem d\u00e4nischen Ofen<\/span><\/p>\n<p style=\"text-align: center;\"><span style=\"color: #ac3316;\">&nbsp;<\/span><\/p>","protected":false},"excerpt":{"rendered":"<p>Diese die Seite ist derzeit eine Baustelle undist daher nur in reduzierter Form zu sehen. Bitte haben Sie etwas Geduld! Die&nbsp;Buchbar&nbsp;ist&nbsp;eine&nbsp;mongolische&nbsp;Jurte&nbsp;und&nbsp;buchbar! Die Buchbar ist eine original, mongolische Jurte, die ihren Weg tats\u00e4chlich mit einem gro\u00dfen Tankerschiff letztendlich \u00fcber die Meere,<\/p>\n","protected":false},"author":1,"featured_media":0,"parent":0,"menu_order":0,"comment_status":"closed","ping_status":"open","template":"","meta":{"ngg_post_thumbnail":0},"_links":{"self":[{"href":"https:\/\/mongolische-jurte-buchbar.de\/index.php?rest_route=\/wp\/v2\/pages\/15"}],"collection":[{"href":"https:\/\/mongolische-jurte-buchbar.de\/index.php?rest_route=\/wp\/v2\/pages"}],"about":[{"href":"https:\/\/mongolische-jurte-buchbar.de\/index.php?rest_route=\/wp\/v2\/types\/page"}],"author":[{"embeddable":true,"href":"https:\/\/mongolische-jurte-buchbar.de\/index.php?rest_route=\/wp\/v2\/users\/1"}],"replies":[{"embeddable":true,"href":"https:\/\/mongolische-jurte-buchbar.de\/index.php?rest_route=%2Fwp%2Fv2%2Fcomments&post=15"}],"version-history":[{"count":36,"href":"https:\/\/mongolische-jurte-buchbar.de\/index.php?rest_route=\/wp\/v2\/pages\/15\/revisions"}],"predecessor-version":[{"id":686,"href":"https:\/\/mongolische-jurte-buchbar.de\/index.php?rest_route=\/wp\/v2\/pages\/15\/revisions\/686"}],"wp:attachment":[{"href":"https:\/\/mongolische-jurte-buchbar.de\/index.php?rest_route=%2Fwp%2Fv2%2Fmedia&parent=15"}],"curies":[{"name":"wp","href":"https:\/\/api.w.org\/{rel}","templated":true}]}}